{"id":438,"date":"2023-11-01T12:50:00","date_gmt":"2023-11-01T11:50:00","guid":{"rendered":"https:\/\/swissdatacommunity.ch\/demo\/"},"modified":"2025-04-23T14:10:25","modified_gmt":"2025-04-23T12:10:25","slug":"home","status":"publish","type":"page","link":"https:\/\/swissdatacommunity.ch\/fr\/","title":{"rendered":"Home"},"content":{"rendered":"","protected":false},"excerpt":{"rendered":"","protected":false},"author":1,"featured_media":0,"parent":0,"menu_order":0,"comment_status":"closed","ping_status":"closed","template":"","meta":{"footnotes":""},"class_list":["post-438","page","type-page","status-publish","hentry"],"yoast_head":"<!-- This site is optimized with the Yoast SEO plugin v27.5 - https:\/\/yoast.com\/product\/yoast-seo-wordpress\/ -->\n<title>swissdatacommunity.ch<\/title>\n<meta name=\"description\" content=\"Le lieu de rencontre des communaut\u00e9s de donn\u00e9es. Sous la direction de l&#039;Office f\u00e9d\u00e9ral de la statistique (OFS) et de l&#039;administration num\u00e9rique suisse (ANS), la plateforme swissdatacommUNITY vise \u00e0 soutenir les comit\u00e9s et les groupes d&#039;experts actifs dans des domaines tels que les statistiques, la gestion des donn\u00e9es, les donn\u00e9es de l&#039;Open Governement et la science des donn\u00e9es, afin de pr\u00e9senter des activit\u00e9s, d&#039;\u00e9tablir des r\u00e9seaux et de se d\u00e9velopper.\" \/>\n<meta name=\"robots\" content=\"index, follow, max-snippet:-1, max-image-preview:large, max-video-preview:-1\" \/>\n<link rel=\"canonical\" href=\"https:\/\/swissdatacommunity.ch\/fr\/\" \/>\n<meta property=\"og:locale\" content=\"fr_FR\" \/>\n<meta property=\"og:type\" content=\"article\" \/>\n<meta property=\"og:title\" content=\"swissdatacommUNITY\" \/>\n<meta property=\"og:description\" content=\"Le lieu de rencontre des communaut\u00e9s de donn\u00e9es\" \/>\n<meta property=\"og:url\" content=\"https:\/\/swissdatacommunity.ch\/fr\/\" \/>\n<meta property=\"og:site_name\" content=\"swissdatacommunity.ch\" \/>\n<meta property=\"article:modified_time\" content=\"2025-04-23T12:10:25+00:00\" \/>\n<meta property=\"og:image\" content=\"https:\/\/swissdatacommunity.ch\/wp-content\/uploads\/2023\/12\/share-social-media.png\" \/>\n\t<meta property=\"og:image:width\" content=\"1200\" \/>\n\t<meta property=\"og:image:height\" content=\"628\" \/>\n\t<meta property=\"og:image:type\" content=\"image\/png\" \/>\n<meta name=\"twitter:card\" content=\"summary_large_image\" \/>\n<meta name=\"twitter:title\" content=\"swissdatacommUNITY\" \/>\n<meta name=\"twitter:description\" content=\"Le lieu de rencontre des communaut\u00e9s de donn\u00e9es\" \/>\n<meta name=\"twitter:image\" content=\"https:\/\/swissdatacommunity.ch\/wp-content\/uploads\/2023\/12\/share-social-media.png\" \/>\n<script type=\"application\/ld+json\" class=\"yoast-schema-graph\">{\"@context\":\"https:\\\/\\\/schema.org\",\"@graph\":[{\"@type\":\"WebPage\",\"@id\":\"https:\\\/\\\/swissdatacommunity.ch\\\/fr\\\/\",\"url\":\"https:\\\/\\\/swissdatacommunity.ch\\\/fr\\\/\",\"name\":\"swissdatacommunity.ch\",\"isPartOf\":{\"@id\":\"https:\\\/\\\/swissdatacommunity.ch\\\/fr\\\/#website\"},\"datePublished\":\"2023-11-01T11:50:00+00:00\",\"dateModified\":\"2025-04-23T12:10:25+00:00\",\"description\":\"Le lieu de rencontre des communaut\u00e9s de donn\u00e9es. Sous la direction de l'Office f\u00e9d\u00e9ral de la statistique (OFS) et de l'administration num\u00e9rique suisse (ANS), la plateforme swissdatacommUNITY vise \u00e0 soutenir les comit\u00e9s et les groupes d'experts actifs dans des domaines tels que les statistiques, la gestion des donn\u00e9es, les donn\u00e9es de l'Open Governement et la science des donn\u00e9es, afin de pr\u00e9senter des activit\u00e9s, d'\u00e9tablir des r\u00e9seaux et de se d\u00e9velopper.\",\"breadcrumb\":{\"@id\":\"https:\\\/\\\/swissdatacommunity.ch\\\/fr\\\/#breadcrumb\"},\"inLanguage\":\"fr-FR\",\"potentialAction\":[{\"@type\":\"ReadAction\",\"target\":[\"https:\\\/\\\/swissdatacommunity.ch\\\/fr\\\/\"]}]},{\"@type\":\"BreadcrumbList\",\"@id\":\"https:\\\/\\\/swissdatacommunity.ch\\\/fr\\\/#breadcrumb\",\"itemListElement\":[{\"@type\":\"ListItem\",\"position\":1,\"name\":\"Home\",\"item\":\"https:\\\/\\\/swissdatacommunity.ch\\\/fr\\\/\"},{\"@type\":\"ListItem\",\"position\":2,\"name\":\"Home\"}]},{\"@type\":\"WebSite\",\"@id\":\"https:\\\/\\\/swissdatacommunity.ch\\\/fr\\\/#website\",\"url\":\"https:\\\/\\\/swissdatacommunity.ch\\\/fr\\\/\",\"name\":\"swissdatacommUNITY\",\"description\":\"\",\"potentialAction\":[{\"@type\":\"SearchAction\",\"target\":{\"@type\":\"EntryPoint\",\"urlTemplate\":\"https:\\\/\\\/swissdatacommunity.ch\\\/fr\\\/?s={search_term_string}\"},\"query-input\":{\"@type\":\"PropertyValueSpecification\",\"valueRequired\":true,\"valueName\":\"search_term_string\"}}],\"inLanguage\":\"fr-FR\"}]}<\/script>\n<!-- \/ Yoast SEO plugin. -->","yoast_head_json":{"title":"swissdatacommunity.ch","description":"Le lieu de rencontre des communaut\u00e9s de donn\u00e9es. Sous la direction de l'Office f\u00e9d\u00e9ral de la statistique (OFS) et de l'administration num\u00e9rique suisse (ANS), la plateforme swissdatacommUNITY vise \u00e0 soutenir les comit\u00e9s et les groupes d'experts actifs dans des domaines tels que les statistiques, la gestion des donn\u00e9es, les donn\u00e9es de l'Open Governement et la science des donn\u00e9es, afin de pr\u00e9senter des activit\u00e9s, d'\u00e9tablir des r\u00e9seaux et de se d\u00e9velopper.","robots":{"index":"index","follow":"follow","max-snippet":"max-snippet:-1","max-image-preview":"max-image-preview:large","max-video-preview":"max-video-preview:-1"},"canonical":"https:\/\/swissdatacommunity.ch\/fr\/","og_locale":"fr_FR","og_type":"article","og_title":"swissdatacommUNITY","og_description":"Le lieu de rencontre des communaut\u00e9s de donn\u00e9es","og_url":"https:\/\/swissdatacommunity.ch\/fr\/","og_site_name":"swissdatacommunity.ch","article_modified_time":"2025-04-23T12:10:25+00:00","og_image":[{"width":1200,"height":628,"url":"https:\/\/swissdatacommunity.ch\/wp-content\/uploads\/2023\/12\/share-social-media.png","type":"image\/png"}],"twitter_card":"summary_large_image","twitter_title":"swissdatacommUNITY","twitter_description":"Le lieu de rencontre des communaut\u00e9s de donn\u00e9es","twitter_image":"https:\/\/swissdatacommunity.ch\/wp-content\/uploads\/2023\/12\/share-social-media.png","schema":{"@context":"https:\/\/schema.org","@graph":[{"@type":"WebPage","@id":"https:\/\/swissdatacommunity.ch\/fr\/","url":"https:\/\/swissdatacommunity.ch\/fr\/","name":"swissdatacommunity.ch","isPartOf":{"@id":"https:\/\/swissdatacommunity.ch\/fr\/#website"},"datePublished":"2023-11-01T11:50:00+00:00","dateModified":"2025-04-23T12:10:25+00:00","description":"Le lieu de rencontre des communaut\u00e9s de donn\u00e9es. Sous la direction de l'Office f\u00e9d\u00e9ral de la statistique (OFS) et de l'administration num\u00e9rique suisse (ANS), la plateforme swissdatacommUNITY vise \u00e0 soutenir les comit\u00e9s et les groupes d'experts actifs dans des domaines tels que les statistiques, la gestion des donn\u00e9es, les donn\u00e9es de l'Open Governement et la science des donn\u00e9es, afin de pr\u00e9senter des activit\u00e9s, d'\u00e9tablir des r\u00e9seaux et de se d\u00e9velopper.","breadcrumb":{"@id":"https:\/\/swissdatacommunity.ch\/fr\/#breadcrumb"},"inLanguage":"fr-FR","potentialAction":[{"@type":"ReadAction","target":["https:\/\/swissdatacommunity.ch\/fr\/"]}]},{"@type":"BreadcrumbList","@id":"https:\/\/swissdatacommunity.ch\/fr\/#breadcrumb","itemListElement":[{"@type":"ListItem","position":1,"name":"Home","item":"https:\/\/swissdatacommunity.ch\/fr\/"},{"@type":"ListItem","position":2,"name":"Home"}]},{"@type":"WebSite","@id":"https:\/\/swissdatacommunity.ch\/fr\/#website","url":"https:\/\/swissdatacommunity.ch\/fr\/","name":"swissdatacommUNITY","description":"","potentialAction":[{"@type":"SearchAction","target":{"@type":"EntryPoint","urlTemplate":"https:\/\/swissdatacommunity.ch\/fr\/?s={search_term_string}"},"query-input":{"@type":"PropertyValueSpecification","valueRequired":true,"valueName":"search_term_string"}}],"inLanguage":"fr-FR"}]}},"_links":{"self":[{"href":"https:\/\/swissdatacommunity.ch\/fr\/wp-json\/wp\/v2\/pages\/438","targetHints":{"allow":["GET"]}}],"collection":[{"href":"https:\/\/swissdatacommunity.ch\/fr\/wp-json\/wp\/v2\/pages"}],"about":[{"href":"https:\/\/swissdatacommunity.ch\/fr\/wp-json\/wp\/v2\/types\/page"}],"author":[{"embeddable":true,"href":"https:\/\/swissdatacommunity.ch\/fr\/wp-json\/wp\/v2\/users\/1"}],"replies":[{"embeddable":true,"href":"https:\/\/swissdatacommunity.ch\/fr\/wp-json\/wp\/v2\/comments?post=438"}],"version-history":[{"count":1,"href":"https:\/\/swissdatacommunity.ch\/fr\/wp-json\/wp\/v2\/pages\/438\/revisions"}],"predecessor-version":[{"id":439,"href":"https:\/\/swissdatacommunity.ch\/fr\/wp-json\/wp\/v2\/pages\/438\/revisions\/439"}],"wp:attachment":[{"href":"https:\/\/swissdatacommunity.ch\/fr\/wp-json\/wp\/v2\/media?parent=438"}],"curies":[{"name":"wp","href":"https:\/\/api.w.org\/{rel}","templated":true}]}}